{"id":103,"date":"2019-11-07T08:28:59","date_gmt":"2019-11-07T07:28:59","guid":{"rendered":"https:\/\/www.stephanie.madrian.at\/?page_id=103"},"modified":"2020-05-04T17:28:07","modified_gmt":"2020-05-04T15:28:07","slug":"datenschutzerklarung","status":"publish","type":"page","link":"https:\/\/madrian.at\/edbsolutions\/datenschutzerklarung\/","title":{"rendered":"Datenschutzerkl\u00e4rung"},"content":{"rendered":"\n<p><strong>1. Einf\u00fchrung<\/strong><br>Die Verarbeitung personenbezogener Daten unterliegt innerhalb der Europ\u00e4ischen Union strengen rechtlichen Anforderungen. Ich,  DI (FH) Robert Madrian , nehme meine Verantwortung als Datenverarbeiter sehr ernst und bem\u00fche mich, nicht nur den Schutz ihrer Daten sicherzustellen, sondern ihnen auch m\u00f6glichst transparent alle relevanten Informationen dazu, warum und wie wir derartige Daten sammeln, verarbeiten und speichern, zur Verf\u00fcgung zu stellen. Nehmen Sie sich daher bitte die Zeit, diese Informationen sorgf\u00e4ltig durchzulesen und wenden Sie sich direkt an uns, wenn Sie Fragen dazu haben.<\/p>\n\n\n\n<p><strong>1.1. Verarbeitung personenbezogener Daten<\/strong><br>Personenbezogene Daten (nachfolgend auch nur als \u201eDaten\u201c bezeichnet) sind alle Informationen, die sich auf eine identifizierte oder identifizierbare Person beziehen (zum Beispiel: Name, Kontaktdaten, Rechnungs-Details, IP-Adresse).<br>Gem\u00e4\u00df Art 4 Ziffer 1 der Verordnung (EU) 2016\/679, also der Datenschutz-Grundverordnung (nachfolgend nur \u201eDSGVO\u201c genannt), gilt als \u201eVerarbeitung\u201c jeder mit oder ohne Hilfe automatisierter Verfahren ausgef\u00fchrter Vorgang oder jede solche Vorgangsreihe im Zusammenhang mit personenbezogenen Daten, wie das Erheben, das Erfassen, die Organisation, das Ordnen, die Speicherung, die Anpassung oder Ver\u00e4nderung, das Auslesen, das Abfragen, die Verwendung, die Offenlegung durch \u00dcbermittlung, Verbreitung oder eine andere Form der Bereitstellung, den Abgleich oder die Verkn\u00fcpfung, die Einschr\u00e4nkung, das L\u00f6schen oder die Vernichtung.<\/p>\n\n\n\n<p><strong>1.2. Datenschutzerkl\u00e4rung<\/strong><br>Mit der nachfolgenden Datenschutzerkl\u00e4rung informieren wir Sie insbesondere \u00fcber Art, Umfang, Zweck, Dauer und Rechtsgrundlage der Verarbeitung personenbezogener Daten, soweit wir entweder allein oder gemeinsam mit anderen \u00fcber die Zwecke und Mittel der Verarbeitung entscheiden.<\/p>\n\n\n\n<p><strong>2. Informationen \u00fcber unsere Datenverarbeitung<\/strong><br>Wir verarbeiten Ihre Daten auf unterschiedliche Art und Weise, abh\u00e4ngig davon, ob sie<br>\u2022 unsere Website besuchen,<br>\u2022 Interesse an meinen Produkten und Dienstleistungen haben, oder<br>\u2022 Gesch\u00e4ftspartner sind:<\/p>\n\n\n\n<p><strong>2.1. Website-Besucher, Portal-Nutzer, Newsletter-Abonnenten und Interessenten<\/strong><br>Wir verarbeiten Ihre personenbezogenen Daten entweder<br>\u2022 zur Wahrung unserer berechtigten Interessen (Art 6 Abs 1 lit f DSGVO), n\u00e4mlich der Sicherstellung des Betriebs, der Sicherheit und der Optimierung unserer Webseite sowie unseres Online-Portals, oder<br>\u2022 zum Versand unseres Newsletters an Personen, wenn Sie sich daf\u00fcr angemeldet haben (Art 6 Abs 1 lit a DSGVO), oder<br>\u2022 zur Bearbeitung Ihrer Anfragen, die Sie \u00fcber das Kontaktformular auf unserer Webseite, \u00fcber unser Online-Portal, per E-Mail oder telefonisch an uns stellen (Art 6 Abs 1 lit a DSGVO).<\/p>\n\n\n\n<p>Die Einwilligung (Art 6 Abs 1 lit a DSGVO) erteilen Sie uns mit Anmeldung zum Newsletter oder mit Absenden oder Stellen der Anfrage an uns.<\/p>\n\n\n\n<p>Zur Verbesserung unseres Informationsangebotes werden auf unserer Webseite folgende Daten erhoben, gespeichert und ausgewertet, wenn Sie unsere Webseite besuchen: Browsertyp, Betriebssystem, Land, Datum, Uhrzeit und Dauer des Zugriffs, IP-Adresse und besuchte Seiten, inkl. Ein- und Ausstiegsseiten. Der Webserver befindet sich in \u00d6sterreich. Die Daten werden nicht dazu verwendet, den Besucher dieser Webseite pers\u00f6nlich zu identifizieren.<\/p>\n\n\n\n<p>\u201eCookies\u201c dienen zur Wiedererkennung und zur Speicherung tempor\u00e4rer Daten des Webseitenbesuchers. Wir nutzen ausschlie\u00dflich Session-Cookies zur Seitenanalyse, d.h. alle Informationen werden nach einer bestimmten Zeitspanne nach dem Verlassen der Webseite automatisch gel\u00f6scht. Wir verwenden keine Werbe-Cookies.<\/p>\n\n\n\n<p><strong>2.1.1. Drittanbieter-Websites<\/strong><br>Unsere Website kann Links zu anderen Websites von dritten Anbietern enthalten. Die Datenverarbeitungspraktiken solcher Drittanbieter-Websites unterliegen den Datenschutzerkl\u00e4rungen der jeweiligen Website. Wir empfehlen, die Datenschutzerkl\u00e4rungen dieser Websites zu studieren, um einen \u00dcberblick \u00fcber die Datenverarbeitungsprozesse des jeweiligen Drittanbieters zu erhalten.<\/p>\n\n\n\n<p><strong>2.1.2. Social Network Integration<\/strong><br>Auf unserer Website sind mitunter Plugins der sozialen Netzwerke Facebook, Linkedin, Youtube, Twitter und Google +1 integriert. Mithilfe dieser Plugins, die Sie an den entsprechenden Logos erkennen k\u00f6nnen, haben Sie die M\u00f6glichkeit, Inhalte unserer Website mit Nutzern des jeweiligen Netzwerks zu teilen. Durch einen Klick auf die mit diesen Logos gekennzeichneten Schaltfl\u00e4chen w\u00e4hrend aufrechten Logins beim jeweiligen Netzwerk, bzw bei unmittelbar nachfolgendem Login kann der Betreiber des sozialen Netzwerks Ihren Besuch unserer Website Ihrem Benutzerkonto zuordnen. Wir weisen darauf hin, dass wir keine Kenntnis vom Inhalt der dabei \u00fcbermittelten Daten erhalten. N\u00e4here Informationen dazu finden Sie in den Datenschutzerkl\u00e4rungen des jeweiligen Netzwerkes.<\/p>\n\n\n\n<p>Die Verarbeitung Ihrer Daten dient vor allem der Anbahnung, Aufrechterhaltung und Abwicklung unserer Vertr\u00e4ge \u00fcber Waren- und Dienstleistungen. Wenn uns die hierf\u00fcr erforderlichen Daten nicht zur Verf\u00fcgung gestellt werden, k\u00f6nnen wir kein Vertragsverh\u00e4ltnis eingehen.<\/p>\n\n\n\n<p><strong>2.2. Erhebung von personenbezogenen Daten aus anderen Quellen als der betroffenen Person selbst (Art 14 DSGVO)<\/strong><br>Wenn wir Ihre Daten verarbeiten, erhalten wir diese Daten grunds\u00e4tzlich von Ihnen selbst. Nichtsdestotrotz kann es in Einzelf\u00e4llen vorkommen, dass wir Daten auch aus anderen Quellen beziehen. Diese anderen Quellen sind ausschlie\u00dflich \u00f6ffentlich zug\u00e4ngliche Informationen, die wir aus \u00f6ffentlichen Registern, dem Internet oder in Einzelf\u00e4llen auch von Kreditauskunfteien beziehen. Die Daten, die wir \u00fcber Sie aus dritten Quellen beziehen und in unseren Systemen abspeichern, beschr\u00e4nken sich auf Kontaktinformationen (E-Mail-Adresse und Telefonnummer, Postanschrift), sowie auf Ihre Funktion im Unternehmen, f\u00fcr das Sie arbeiten. Diese Verarbeitung beruht auf unserem berechtigten Interesse an einem f\u00fcr die berufliche Kommunikation und die Abwicklung der Gesch\u00e4ftsbeziehung erforderlichen vollst\u00e4ndigen Datensatz \u00fcber Ihre Person, je nachdem, in welcher Beziehung wir zu Ihnen oder zum Unternehmen f\u00fcr das Sie t\u00e4tig sind stehen (Art 6 Abs 1 lit f DSGVO).<\/p>\n\n\n\n<p><strong>3. Wie lange werden Ihre Daten gespeichert?<br><\/strong>Wir werden Ihre Daten nur solange speichern, wie es f\u00fcr jene Zwecke, f\u00fcr die wir Ihre Daten erhoben haben, erforderlich ist.<\/p>\n\n\n\n<p><strong>4. Ihre Rechte?<br><\/strong>Wir m\u00f6chten Sie weiters dar\u00fcber informieren, dass Sie jederzeit das Recht haben,<br>\u2022 Auskunft dar\u00fcber zu verlangen, welche Daten von Ihnen bei uns verarbeitet werden (siehe im Detail Art 15 DSGVO),<br>\u2022 das Recht haben, Ihre Daten berichtigen oder l\u00f6schen zu lassen (siehe im Detail Art 16 DSGVO),<br>\u2022 das Recht haben, die Verarbeitung Ihrer Daten einzuschr\u00e4nken (siehe im Detail Art 18 DSGVO),<br>\u2022 das Recht haben, der Datenverarbeitung zu widersprechen (siehe im Detail Art 21 DSGVO),<br>\u2022 das Recht auf Daten\u00fcbertragbarkeit geltend zu machen (siehe im Detail Art 20 DSGVO).<\/p>\n\n\n\n<p>Sofern wir Ihre Daten auf Basis Ihrer Einwilligung verarbeiten, haben Sie das Recht, diese Einwilligung jederzeit per E-Mail oder per Post an die unten angegeben Adressen zu widerrufen. Dadurch wird die Rechtm\u00e4\u00dfigkeit der bis zu diesem Zeitpunkt erfolgten Datenverarbeitung nicht beeintr\u00e4chtigt (Art 7 Abs 3 DSGVO).<\/p>\n\n\n\n<p>Sollte es, trotz unserer Verpflichtung Ihre Daten rechtm\u00e4\u00dfig zu verarbeiten, wider Erwarten zu einer Verletzung Ihres Rechtes auf rechtm\u00e4\u00dfige Verarbeitung Ihrer Daten kommen, setzen Sie bitte mit uns postalisch oder per E-Mail in Verbindung (Kontaktdaten siehe unten), damit wir \u00fcber Ihre Bedenken erfahren und diese behandeln k\u00f6nnen. Sie haben aber auch das Recht, eine Beschwerde bei der \u00d6sterreichischen Datenschutzbeh\u00f6rde oder bei einer anderen Datenschutz-Aufsichtsbeh\u00f6rde in der EU, insbesondere an Ihrem Aufenthalts- oder Arbeitsort, zu erheben.<\/p>\n\n\n\n<p>Sollten Sie weitere Fragen zur Verarbeitung Ihrer Daten haben, k\u00f6nnen Sie sich gerne direkt an uns wenden.<\/p>\n\n\n\n<p><strong>5. Kontaktdaten<br><\/strong>DI (FH) Robert Madrian<br>Herbertstra\u00dfe 10, 9020 Klagenfurt | Austria<br>Tel: +43 660 20 20 707<br>E-Mail: office@madrian.at <\/p>\n","protected":false},"excerpt":{"rendered":"<p>1. Einf\u00fchrungDie Verarbeitung personenbezogener Daten unterliegt innerhalb der Europ\u00e4ischen Union strengen rechtlichen Anforderungen. Ich, DI (FH) Robert Madrian , nehme meine Verantwortung als Datenverarbeiter sehr ernst und bem\u00fche mich, nicht nur den Schutz ihrer Daten sicherzustellen, sondern ihnen auch m\u00f6glichst transparent alle relevanten Informationen dazu, warum und wie wir derartige Daten sammeln, verarbeiten und speichern, &hellip; <\/p>\n<p class=\"link-more\"><a href=\"https:\/\/madrian.at\/edbsolutions\/datenschutzerklarung\/\" class=\"more-link\"><span class=\"screen-reader-text\">\u201eDatenschutzerkl\u00e4rung\u201c<\/span> weiterlesen<\/a><\/p>\n","protected":false},"author":2,"featured_media":0,"parent":0,"menu_order":0,"comment_status":"closed","ping_status":"closed","template":"","meta":{"footnotes":""},"_links":{"self":[{"href":"https:\/\/madrian.at\/edbsolutions\/wp-json\/wp\/v2\/pages\/103"}],"collection":[{"href":"https:\/\/madrian.at\/edbsolutions\/wp-json\/wp\/v2\/pages"}],"about":[{"href":"https:\/\/madrian.at\/edbsolutions\/wp-json\/wp\/v2\/types\/page"}],"author":[{"embeddable":true,"href":"https:\/\/madrian.at\/edbsolutions\/wp-json\/wp\/v2\/users\/2"}],"replies":[{"embeddable":true,"href":"https:\/\/madrian.at\/edbsolutions\/wp-json\/wp\/v2\/comments?post=103"}],"version-history":[{"count":2,"href":"https:\/\/madrian.at\/edbsolutions\/wp-json\/wp\/v2\/pages\/103\/revisions"}],"predecessor-version":[{"id":162,"href":"https:\/\/madrian.at\/edbsolutions\/wp-json\/wp\/v2\/pages\/103\/revisions\/162"}],"wp:attachment":[{"href":"https:\/\/madrian.at\/edbsolutions\/wp-json\/wp\/v2\/media?parent=103"}],"curies":[{"name":"wp","href":"https:\/\/api.w.org\/{rel}","templated":true}]}}