{"id":42,"date":"2020-05-04T16:38:47","date_gmt":"2020-05-04T14:38:47","guid":{"rendered":"http:\/\/madrian.at\/edbsolutions\/?page_id=42"},"modified":"2020-05-04T17:06:56","modified_gmt":"2020-05-04T15:06:56","slug":"ueber-uns","status":"publish","type":"page","link":"https:\/\/madrian.at\/edbsolutions\/ueber-uns\/","title":{"rendered":"\u00dcber uns"},"content":{"rendered":"\n<p>Seit 1997  Entwicklung von EDV-Gesamtl\u00f6sungen f\u00fcr Administration und Logistik in Gewerbe und Industrie, sowie f\u00fcr Wirtschaftskammern<\/p>\n\n\n\n<p>Anwendungsl\u00f6sungen mit dem Microsoft SQL Server und verschiedenen Front End Umgebungen unter Windows 2008\/2012\/2016\/Vista\/Win7\/Win8\/Win10<\/p>\n\n\n\n<p>Programmiererfahrung mit Assembler, C\/C++, C#, Visual Basic, T-SQL, REXX, Visual Studio .NET<\/p>\n\n\n\n<p>Erfolgreiche Datenaustauschprojekte zwischen verschiedenen Systemwelten<\/p>\n\n\n\n<p>Virtualisierungsl\u00f6sungen unter Citrix XenServer\/Citrix Hypervisor und XenDesktop, XenApp\/<a href=\"https:\/\/www.citrix.com\/products\/citrix-virtual-apps-and-desktops\/\">Citrix Virtual Apps and Desktops<\/a><\/p>\n\n\n\n<p> Langj\u00e4hrige Erfahrung im praktischen Betrieb von EDV-Systemen im industriellen Umfeld<\/p>\n\n\n\n<p>Langj\u00e4hrige Ausbildungserfahrung f\u00fcr Benutzer und EDV-Fachpersonal<\/p>\n\n\n\n<p><\/p>\n","protected":false},"excerpt":{"rendered":"<p>Seit 1997 Entwicklung von EDV-Gesamtl\u00f6sungen f\u00fcr Administration und Logistik in Gewerbe und Industrie, sowie f\u00fcr Wirtschaftskammern Anwendungsl\u00f6sungen mit dem Microsoft SQL Server und verschiedenen Front End Umgebungen unter Windows 2008\/2012\/2016\/Vista\/Win7\/Win8\/Win10 Programmiererfahrung mit Assembler, C\/C++, C#, Visual Basic, T-SQL, REXX, Visual Studio .NET Erfolgreiche Datenaustauschprojekte zwischen verschiedenen Systemwelten Virtualisierungsl\u00f6sungen unter Citrix XenServer\/Citrix Hypervisor und XenDesktop, XenApp\/Citrix &hellip; <\/p>\n<p class=\"link-more\"><a href=\"https:\/\/madrian.at\/edbsolutions\/ueber-uns\/\" class=\"more-link\"><span class=\"screen-reader-text\">\u201e\u00dcber uns\u201c<\/span> weiterlesen<\/a><\/p>\n","protected":false},"author":2,"featured_media":0,"parent":0,"menu_order":0,"comment_status":"closed","ping_status":"closed","template":"","meta":{"footnotes":""},"_links":{"self":[{"href":"https:\/\/madrian.at\/edbsolutions\/wp-json\/wp\/v2\/pages\/42"}],"collection":[{"href":"https:\/\/madrian.at\/edbsolutions\/wp-json\/wp\/v2\/pages"}],"about":[{"href":"https:\/\/madrian.at\/edbsolutions\/wp-json\/wp\/v2\/types\/page"}],"author":[{"embeddable":true,"href":"https:\/\/madrian.at\/edbsolutions\/wp-json\/wp\/v2\/users\/2"}],"replies":[{"embeddable":true,"href":"https:\/\/madrian.at\/edbsolutions\/wp-json\/wp\/v2\/comments?post=42"}],"version-history":[{"count":2,"href":"https:\/\/madrian.at\/edbsolutions\/wp-json\/wp\/v2\/pages\/42\/revisions"}],"predecessor-version":[{"id":154,"href":"https:\/\/madrian.at\/edbsolutions\/wp-json\/wp\/v2\/pages\/42\/revisions\/154"}],"wp:attachment":[{"href":"https:\/\/madrian.at\/edbsolutions\/wp-json\/wp\/v2\/media?parent=42"}],"curies":[{"name":"wp","href":"https:\/\/api.w.org\/{rel}","templated":true}]}}