{"id":44,"date":"2020-05-04T16:38:47","date_gmt":"2020-05-04T14:38:47","guid":{"rendered":"http:\/\/madrian.at\/edbsolutions\/?page_id=44"},"modified":"2020-05-04T17:59:25","modified_gmt":"2020-05-04T15:59:25","slug":"dienstleistungen","status":"publish","type":"page","link":"https:\/\/madrian.at\/edbsolutions\/dienstleistungen\/","title":{"rendered":"Dienstleistungen"},"content":{"rendered":"\n<p><strong>Systemberatung (Qualified Consulting)<\/strong><\/p>\n\n\n\n<ul><li>Konzepte (Hardware + Systemsoftware + Entwicklungs-Werkzeuge + Anforderungen an die Anwendungssoftware + Sicherheitsbedingungen + personelle Anforderungen) f\u00fcr kundenspezifische Gesamtl\u00f6sungen unter den Aspekten Leistung, Wartbarkeit und Wirtschaftlichkeit<\/li><li>Ressourcenbeschaffung (Qualit\u00e4t, Kapazit\u00e4t) f\u00fcr Entwicklung und Betrieb des EDV-Systems<\/li><li>Koordination der WK eigenen und externen Dienstleistungen f\u00fcr einen wirtschaftlich optimalen EDV-Betrieb<\/li><\/ul>\n\n\n\n<p><strong>Systemintegration (Qualified System Engineering)<\/strong><\/p>\n\n\n\n<ul><li>detaillierte technische Abstimmung des Systemelemente (OS, Datenbanksystem, Server..) insbesondere Versionsabstimmung<\/li><li>Verfahrensentwicklung f\u00fcr die Installation und den Betrieb der Systemkomponenten<\/li><li>Dokumentation und Online-Hilfe f\u00fcr den Systembetrieb<\/li><li>Kundenspezifische Ausbildung<\/li><\/ul>\n\n\n\n<p><strong>Troubleshooting<\/strong><\/p>\n\n\n\n<ul><li>Analyse von kritischen Systemsituationen<\/li><li>Beschaffung von L\u00f6sungskompetenzen<\/li><li>Einsatzplanung f\u00fcr die Problembeseitigung<\/li><li>Ergebniskontrolle<\/li><\/ul>\n\n\n\n<p><strong>System Management<\/strong><\/p>\n\n\n\n<ul><li>Verfahrensentwicklung f\u00fcr die Installation und den Betrieb der Systemplattform<\/li><li>Begleitende Unterst\u00fctzung bei der Einf\u00fchrung von neuen Systemen<\/li><li>Wiederherstellung von Systemen nach St\u00f6rf\u00e4llen<\/li><\/ul>\n\n\n\n<p><strong>Datenbankadministration<\/strong><\/p>\n\n\n\n<ul><li>Verfahrensentwicklung f\u00fcr die Installation und den Betrieb des Datenbank Servers (Erf\u00fcllung der Verf\u00fcgbarkeits-Anforderungen)<\/li><li>\u00dcberwachung des Datenbank Servers (Antwortverhalten, Log Shipping, Datensicherung)<\/li><li>Wiederherstellung nach St\u00f6rf\u00e4llen<\/li><\/ul>\n\n\n\n<p><strong>Entwicklung von Ausbildungen<\/strong><\/p>\n\n\n\n<ul><li>Konzeption des Ausbildungsablaufes<\/li><li>Erstellen der begleitenden Dokumentation<\/li><li>Durchf\u00fchren von Musterschulungen<\/li><\/ul>\n","protected":false},"excerpt":{"rendered":"<p>Systemberatung (Qualified Consulting) Konzepte (Hardware + Systemsoftware + Entwicklungs-Werkzeuge + Anforderungen an die Anwendungssoftware + Sicherheitsbedingungen + personelle Anforderungen) f\u00fcr kundenspezifische Gesamtl\u00f6sungen unter den Aspekten Leistung, Wartbarkeit und Wirtschaftlichkeit Ressourcenbeschaffung (Qualit\u00e4t, Kapazit\u00e4t) f\u00fcr Entwicklung und Betrieb des EDV-Systems Koordination der WK eigenen und externen Dienstleistungen f\u00fcr einen wirtschaftlich optimalen EDV-Betrieb Systemintegration (Qualified System Engineering) detaillierte &hellip; <\/p>\n<p class=\"link-more\"><a href=\"https:\/\/madrian.at\/edbsolutions\/dienstleistungen\/\" class=\"more-link\"><span class=\"screen-reader-text\">\u201eDienstleistungen\u201c<\/span> weiterlesen<\/a><\/p>\n","protected":false},"author":2,"featured_media":0,"parent":0,"menu_order":0,"comment_status":"closed","ping_status":"closed","template":"","meta":{"footnotes":""},"_links":{"self":[{"href":"https:\/\/madrian.at\/edbsolutions\/wp-json\/wp\/v2\/pages\/44"}],"collection":[{"href":"https:\/\/madrian.at\/edbsolutions\/wp-json\/wp\/v2\/pages"}],"about":[{"href":"https:\/\/madrian.at\/edbsolutions\/wp-json\/wp\/v2\/types\/page"}],"author":[{"embeddable":true,"href":"https:\/\/madrian.at\/edbsolutions\/wp-json\/wp\/v2\/users\/2"}],"replies":[{"embeddable":true,"href":"https:\/\/madrian.at\/edbsolutions\/wp-json\/wp\/v2\/comments?post=44"}],"version-history":[{"count":10,"href":"https:\/\/madrian.at\/edbsolutions\/wp-json\/wp\/v2\/pages\/44\/revisions"}],"predecessor-version":[{"id":180,"href":"https:\/\/madrian.at\/edbsolutions\/wp-json\/wp\/v2\/pages\/44\/revisions\/180"}],"wp:attachment":[{"href":"https:\/\/madrian.at\/edbsolutions\/wp-json\/wp\/v2\/media?parent=44"}],"curies":[{"name":"wp","href":"https:\/\/api.w.org\/{rel}","templated":true}]}}