{"id":93,"date":"2019-11-06T18:21:24","date_gmt":"2019-11-06T17:21:24","guid":{"rendered":"https:\/\/www.stephanie.madrian.at\/?page_id=93"},"modified":"2020-05-04T17:25:06","modified_gmt":"2020-05-04T15:25:06","slug":"impressum","status":"publish","type":"page","link":"https:\/\/madrian.at\/edbsolutions\/impressum\/","title":{"rendered":"Impressum"},"content":{"rendered":"\n<p class=\"has-small-font-size\"><a href=\"https:\/\/firmen.wko.at\/Web\/DetailsKontakt.aspx?FirmaID=a942f7dd-309d-4f91-b553-0c32b7157a66\" target=\"_blank\" rel=\"noreferrer noopener\">Offenlegung gem\u00e4\u00df \u00a7 5 E-Commerce Gesetz und \u00a7 25 Mediengesetz<\/a><\/p>\n\n\n\n<p class=\"has-small-font-size\"><strong>DI (FH) Robert Madrian<\/strong><br>Herbertstrasse 10<br>9020 Klagenfurt<br>Mobile: +43 660 20 20 707<br>Mail: <a href=\"mailto:office@madrian.at\">office@madrian.at<\/a><\/p>\n\n\n\n<h4 class=\"wp-block-heading\">  Urheberrecht <\/h4>\n\n\n\n<p>Die Inhalte unserer Website sind urheberrechtlich gesch\u00fctzt und nur f\u00fcr die pers\u00f6nliche Verwendung bestimmt. Jede den Bestimmungen des Urheberrechtsgesetzes widersprechende Verwendung von Inhalten dieser Website ohne ausdr\u00fcckliche vorherige Zustimmung des Urhebers ist untersagt.<\/p>\n\n\n\n<p>Die Logos und Fotos, die auf dieser Website dargestellt sind, sind Eigentum von Robert Madrian bzw. wurden von <a rel=\"noreferrer noopener\" href=\"https:\/\/unsplash.com\/\" target=\"_blank\">Unsplash<\/a>  geladen. Keine der Informationen auf dieser Website stellt eine Gew\u00e4hrung von Lizenzen oder Rechten an den Logos oder Fotos dar.<\/p>\n\n\n\n<p>DI (FH) Robert Madrian  beh\u00e4lt sich alle Rechte an Texten, Bildern, Graphiken, Animationen, Videos und sonstigen Materialien sowie deren Anordnung auf der Website vor. Der Inhalt dieser Website darf nicht zu kommerziellen Zwecken kopiert, verbreitet, ver\u00e4ndert oder Dritten zug\u00e4nglich gemacht werden. Wir behalten uns vor, die Inhalte der Website jederzeit zu \u00e4ndern, zu erg\u00e4nzen, ganz oder teilweise zu l\u00f6schen. F\u00fcr allf\u00e4llige Konsequenzen daraus \u00fcbernehmen wir keine Verantwortung.<\/p>\n\n\n\n<h4 class=\"wp-block-heading\">Haftungsausschluss<\/h4>\n\n\n\n<p>Die auf dieser Website bereitgestellten Informationen dienen allgemeinen Informationszwecken. Der Autor bzw. DI (FH) Robert Madrian als Betreiber der Website sind bestrebt, die angebotenen Inhalte sorgf\u00e4ltig zu pr\u00fcfen und nach bestem Wissen und Gewissen aktuell, vollst\u00e4ndig und richtig darzustellen und aktuell zu halten. Dennoch wird jegliche Haftung ausgeschlossen, die sich aus der Nutzung (oder Nichtnutzung) der angebotenen Informationen ergeben k\u00f6nnen.<br>DI (FH) Robert Madrian  \u00fcbernimmt keine Haftung f\u00fcr jegliche unmittelbaren oder mittelbaren Sch\u00e4den, Schadenersatzforderungen, Folgesch\u00e4den gleich welcher Art und aus welchem Rechtsgrund, die durch Ihren Zugriff oder die Verwendung der Website, insbesondere auch durch Infizierung Ihrer Computerumgebung mit Viren resultieren k\u00f6nnten. <\/p>\n\n\n\n<h4 class=\"wp-block-heading\">Hyperlinks<\/h4>\n\n\n\n<p>Verkn\u00fcpfungen (\u201cHyperlinks\u201d) zu externen Websites Dritter werden Ihnen als zus\u00e4tzlicher Service zur Verf\u00fcgung gestellt. Diese Websites sind vollkommen unabh\u00e4ngig und liegen au\u00dferhalb der Kontrolle von DI (FH) Robert Madrian. Wir \u00fcbernehmen keine Verantwortung f\u00fcr die Inhalte von externen Websites Dritter, die \u00fcber Links von dieser Website erreicht werden k\u00f6nnen oder die ihrerseits auf diese Website verweisen und \u00fcbernehmen keinerlei Verantwortung f\u00fcr den Inhalt solcher Websites oder deren Richtigkeit, Vollst\u00e4ndigkeit oder Gesetzeskonformit\u00e4t. <\/p>\n","protected":false},"excerpt":{"rendered":"<p>Offenlegung gem\u00e4\u00df \u00a7 5 E-Commerce Gesetz und \u00a7 25 Mediengesetz DI (FH) Robert MadrianHerbertstrasse 109020 KlagenfurtMobile: +43 660 20 20 707Mail: office@madrian.at Urheberrecht Die Inhalte unserer Website sind urheberrechtlich gesch\u00fctzt und nur f\u00fcr die pers\u00f6nliche Verwendung bestimmt. Jede den Bestimmungen des Urheberrechtsgesetzes widersprechende Verwendung von Inhalten dieser Website ohne ausdr\u00fcckliche vorherige Zustimmung des Urhebers ist &hellip; <\/p>\n<p class=\"link-more\"><a href=\"https:\/\/madrian.at\/edbsolutions\/impressum\/\" class=\"more-link\"><span class=\"screen-reader-text\">\u201eImpressum\u201c<\/span> weiterlesen<\/a><\/p>\n","protected":false},"author":2,"featured_media":0,"parent":0,"menu_order":0,"comment_status":"closed","ping_status":"closed","template":"","meta":{"footnotes":""},"_links":{"self":[{"href":"https:\/\/madrian.at\/edbsolutions\/wp-json\/wp\/v2\/pages\/93"}],"collection":[{"href":"https:\/\/madrian.at\/edbsolutions\/wp-json\/wp\/v2\/pages"}],"about":[{"href":"https:\/\/madrian.at\/edbsolutions\/wp-json\/wp\/v2\/types\/page"}],"author":[{"embeddable":true,"href":"https:\/\/madrian.at\/edbsolutions\/wp-json\/wp\/v2\/users\/2"}],"replies":[{"embeddable":true,"href":"https:\/\/madrian.at\/edbsolutions\/wp-json\/wp\/v2\/comments?post=93"}],"version-history":[{"count":3,"href":"https:\/\/madrian.at\/edbsolutions\/wp-json\/wp\/v2\/pages\/93\/revisions"}],"predecessor-version":[{"id":160,"href":"https:\/\/madrian.at\/edbsolutions\/wp-json\/wp\/v2\/pages\/93\/revisions\/160"}],"wp:attachment":[{"href":"https:\/\/madrian.at\/edbsolutions\/wp-json\/wp\/v2\/media?parent=93"}],"curies":[{"name":"wp","href":"https:\/\/api.w.org\/{rel}","templated":true}]}}